{"id":4366,"date":"2020-10-03T15:41:28","date_gmt":"2020-10-03T14:41:28","guid":{"rendered":"http:\/\/grg21oe.at\/?page_id=4366"},"modified":"2025-10-08T15:18:27","modified_gmt":"2025-10-08T14:18:27","slug":"offenes-lernen","status":"publish","type":"page","link":"https:\/\/grg21oe.at\/?page_id=4366","title":{"rendered":"Offenes Lernen"},"content":{"rendered":"<style type=\"text\/css\"> \n#cmsms_row_69f4fd7ed8345 .cmsms_row_outer_parent { \n\tpadding-top: 40px; \n} \n\n#cmsms_row_69f4fd7ed8345 .cmsms_row_outer_parent { \n\tpadding-bottom: 50px; \n} \n\n<\/style><div id=\"cmsms_row_69f4fd7ed8345\" class=\"cmsms_row cmsms_color_scheme_default\">\n<div class=\"cmsms_row_outer_parent\">\n<div class=\"cmsms_row_outer\">\n<div class=\"cmsms_row_inner\">\n<div class=\"cmsms_row_margin\">\n<div class=\"cmsms_column one_first\">\n<div class=\"cmsms_text\">\n<h1><span style=\"color: #a67edd;\">OFFENES LERNEN<\/span><\/h1>\n<p>Dieses Unterrichtskonzept wird an unserer Schule seit vielen Jahren gerne durchgef\u00fchrt. OL bedeutet \u201ehandelndes Lernen\u201c mit seinen drei Hauptaspekten Ganzheitlichkeit, praktisches Lernen und Selbststeuerung. Dies entspricht der nat\u00fcrlichen Art und Weise zu lernen und f\u00f6rdert die Selbstt\u00e4tigkeit der Sch\u00fcler*innen. Diese f\u00fchren in unterschiedlichen Sozialformen (Einzel-, Paar- und Gruppenarbeit) \u00dcbungen durch und kontrollieren selbst ihren individuellen Lernfortschritt. Die Lehrkraft beobachtet, ber\u00e4t und betreut individuell in diesem Lernprozess \u2013 daher ist hier Platz f\u00fcr die F\u00f6rderung besonderer Begabungen, aber auch f\u00fcr die Bearbeitung von Lernschw\u00e4chen, da die Lehrperson die M\u00f6glichkeit hat, sich dem\/der einzelnen zu widmen. Umgekehrt \u00fcbernehmen hier die Sch\u00fcler*innen schrittweise die Verantwortung f\u00fcr ihren eigenen Lernprozess und ihre Lernbed\u00fcrfnisse.<\/p>\n<\/div>\n<\/div>\n<\/div>\n<\/div>\n<\/div>\n<\/div>\n<\/div>\n\n","protected":false},"excerpt":{"rendered":"","protected":false},"author":4,"featured_media":0,"parent":0,"menu_order":0,"comment_status":"closed","ping_status":"closed","template":"","meta":{"footnotes":""},"class_list":["post-4366","page","type-page","status-publish","hentry"],"_links":{"self":[{"href":"https:\/\/grg21oe.at\/index.php?rest_route=\/wp\/v2\/pages\/4366","targetHints":{"allow":["GET"]}}],"collection":[{"href":"https:\/\/grg21oe.at\/index.php?rest_route=\/wp\/v2\/pages"}],"about":[{"href":"https:\/\/grg21oe.at\/index.php?rest_route=\/wp\/v2\/types\/page"}],"author":[{"embeddable":true,"href":"https:\/\/grg21oe.at\/index.php?rest_route=\/wp\/v2\/users\/4"}],"replies":[{"embeddable":true,"href":"https:\/\/grg21oe.at\/index.php?rest_route=%2Fwp%2Fv2%2Fcomments&post=4366"}],"version-history":[{"count":4,"href":"https:\/\/grg21oe.at\/index.php?rest_route=\/wp\/v2\/pages\/4366\/revisions"}],"predecessor-version":[{"id":11045,"href":"https:\/\/grg21oe.at\/index.php?rest_route=\/wp\/v2\/pages\/4366\/revisions\/11045"}],"wp:attachment":[{"href":"https:\/\/grg21oe.at\/index.php?rest_route=%2Fwp%2Fv2%2Fmedia&parent=4366"}],"curies":[{"name":"wp","href":"https:\/\/api.w.org\/{rel}","templated":true}]}}