{"id":4362,"date":"2020-10-03T15:36:25","date_gmt":"2020-10-03T14:36:25","guid":{"rendered":"http:\/\/grg21oe.at\/?page_id=4362"},"modified":"2025-10-08T06:08:22","modified_gmt":"2025-10-08T05:08:22","slug":"fsk","status":"publish","type":"page","link":"https:\/\/grg21oe.at\/?page_id=4362","title":{"rendered":"FSK"},"content":{"rendered":"<style type=\"text\/css\"> \n#cmsms_row_69f499c84cb40 .cmsms_row_outer_parent { \n\tpadding-top: 40px; \n} \n\n#cmsms_row_69f499c84cb40 .cmsms_row_outer_parent { \n\tpadding-bottom: 50px; \n} \n\n<\/style><div id=\"cmsms_row_69f499c84cb40\" class=\"cmsms_row cmsms_color_scheme_default\">\n<div class=\"cmsms_row_outer_parent\">\n<div class=\"cmsms_row_outer\">\n<div class=\"cmsms_row_inner\">\n<div class=\"cmsms_row_margin\">\n<div class=\"cmsms_column one_first\">\n<div class=\"cmsms_text\">\n<h1><span style=\"color: #a67edd;\">FSK &#8211; F\u00f6rderung sozialer Kompetenzen<\/span><\/h1>\n<p>Das autonome Pflichtfach soll die Pers\u00f6nlichkeit der Sch\u00fcler*innen im Sinne der Entwicklung von pers\u00f6nlicher, sozialer und fachlicher Kompetenz f\u00f6rdern. Ein aufbauender Lehrplan, der von der 1. bis zur 5. Klasse f\u00fchrt, liegt dem FSK-Unterricht zugrunde; die Schwerpunkte, die gesetzt werden, h\u00e4ngen jeweils von den Bed\u00fcrfnissen einer Klasse ab. Aus diesem Grund ist es zumeist der Klassenvorstand oder die Klassenvorst\u00e4ndin, der\/ die das Fach unterrichtet, da diese\/r seine Sch\u00fcler*innen am besten kennt.<\/p>\n<p>Hier lernen und erproben die Sch\u00fcler*innen unter anderem, wie ein gedeihliches Miteinander und Kommunikation gut gelingen k\u00f6nnen, Selbstbewusstsein, Selbstverantwortung und Selbstkontrolle sich st\u00e4rken lassen und Konflikte gel\u00f6st werden k\u00f6nnen oder pers\u00f6nliche St\u00e4rken auch hinsichtlich einer sp\u00e4teren Berufswahl erkannt werden.<\/p>\n<p>In der 6. und 7. Klasse findet im Sinne einer weiterf\u00fchrenden FSK-Betreuung Beratung zu den Wahlkursangeboten statt.<\/p>\n<\/div>\n<\/div>\n<\/div>\n<\/div>\n<\/div>\n<\/div>\n<\/div>\n\n","protected":false},"excerpt":{"rendered":"","protected":false},"author":4,"featured_media":0,"parent":0,"menu_order":0,"comment_status":"closed","ping_status":"closed","template":"","meta":{"footnotes":""},"class_list":["post-4362","page","type-page","status-publish","hentry"],"_links":{"self":[{"href":"https:\/\/grg21oe.at\/index.php?rest_route=\/wp\/v2\/pages\/4362","targetHints":{"allow":["GET"]}}],"collection":[{"href":"https:\/\/grg21oe.at\/index.php?rest_route=\/wp\/v2\/pages"}],"about":[{"href":"https:\/\/grg21oe.at\/index.php?rest_route=\/wp\/v2\/types\/page"}],"author":[{"embeddable":true,"href":"https:\/\/grg21oe.at\/index.php?rest_route=\/wp\/v2\/users\/4"}],"replies":[{"embeddable":true,"href":"https:\/\/grg21oe.at\/index.php?rest_route=%2Fwp%2Fv2%2Fcomments&post=4362"}],"version-history":[{"count":4,"href":"https:\/\/grg21oe.at\/index.php?rest_route=\/wp\/v2\/pages\/4362\/revisions"}],"predecessor-version":[{"id":11014,"href":"https:\/\/grg21oe.at\/index.php?rest_route=\/wp\/v2\/pages\/4362\/revisions\/11014"}],"wp:attachment":[{"href":"https:\/\/grg21oe.at\/index.php?rest_route=%2Fwp%2Fv2%2Fmedia&parent=4362"}],"curies":[{"name":"wp","href":"https:\/\/api.w.org\/{rel}","templated":true}]}}