{"id":4307,"date":"2020-08-24T12:57:09","date_gmt":"2020-08-24T11:57:09","guid":{"rendered":"http:\/\/grg21oe.at\/?page_id=4307"},"modified":"2025-10-08T17:48:52","modified_gmt":"2025-10-08T16:48:52","slug":"englisch-2","status":"publish","type":"page","link":"https:\/\/grg21oe.at\/?page_id=4307","title":{"rendered":"Englisch (E)"},"content":{"rendered":"<style type=\"text\/css\"> \n#cmsms_row_69f16944e8b8c .cmsms_row_outer_parent { \n\tpadding-top: 40px; \n} \n\n#cmsms_row_69f16944e8b8c .cmsms_row_outer_parent { \n\tpadding-bottom: 50px; \n} \n\n<\/style><div id=\"cmsms_row_69f16944e8b8c\" class=\"cmsms_row cmsms_color_scheme_default\">\n<div class=\"cmsms_row_outer_parent\">\n<div class=\"cmsms_row_outer\">\n<div class=\"cmsms_row_inner\">\n<div class=\"cmsms_row_margin\">\n<div class=\"cmsms_column one_first\">\n<div class=\"cmsms_text\">\n<h1>Englisch<\/h1>\n<p>Englisch an der \u00d6denburger Stra\u00dfe ist ein sehr lebendiges Fach.<\/p>\n<p><a href=\"https:\/\/grg21oe.at\/wp-content\/uploads\/2020\/10\/englisch1.jpg\"><img fetchpriority=\"high\" decoding=\"async\" class=\"size-full wp-image-4377 alignright\" src=\"https:\/\/grg21oe.at\/wp-content\/uploads\/2020\/10\/englisch1.jpg\" alt=\"\" width=\"600\" height=\"450\" srcset=\"https:\/\/grg21oe.at\/wp-content\/uploads\/2020\/10\/englisch1.jpg 600w, https:\/\/grg21oe.at\/wp-content\/uploads\/2020\/10\/englisch1-300x225.jpg 300w, https:\/\/grg21oe.at\/wp-content\/uploads\/2020\/10\/englisch1-580x435.jpg 580w\" sizes=\"(max-width: 600px) 100vw, 600px\" \/><\/a>In der 1. Klasse geht es von null weg los, damit alle im Unterricht mitkommen k\u00f6nnen. Aber die Sch\u00fcler*innen lernen mit Freude und schon bald k\u00f6nnen kurze Texte geschrieben werden. Das Vokabular w\u00e4chst rasch an. Ein Schwerpunkt im Englischunterricht ist nat\u00fcrlich das Sprechen, und daher achten wir auf eine freundliche und kommunikative Atmosph\u00e4re im Unterricht. Mit den MORE B\u00fcchern, die wir in der Unterstufe verwenden, macht das Sprachenlernen Spa\u00df. Im Laufe der Unterstufe werden erste Textformen erlernt (email, postcard, dialogue\u2026) und erste Referate auf Englisch gehalten. Sprechen wird ebenso in Partnerarbeit und Gruppenarbeit ge\u00fcbt, als auch durch das Einstudieren und Vorspielen kurzer Sketches. Wir arbeiten mit dem student\u2019s book, einem Arbeitsbuch (workbook), sowie zus\u00e4tzlich zu \u201enormalen\u201c Aufgaben, der \u201ecyber homework\u201c (Aufgaben, die online erledigt werden k\u00f6nnen). In unserem Sprachenzentrum mit 30 Computern \u2013 eine Besonderheit unserer Schule \u2013 k\u00f6nnen die Sch\u00fcler*innen die Kapiteln des Buches, die im Unterricht bereits erlernt wurden, am Computer spielerisch \u00fcben und vertiefen, was bei den Kindern sehr beliebt ist.<\/p>\n<p>Jedes Jahr startet eine erste Klasse als DLP Klasse (DLP = dual language programme). Dies ist stets eine Sprachenklasse. In der DLP Klasse unterst\u00fctzt eine Lehrerin aus Amerika 3 Stunden pro Woche den Unterricht, sodass Englisch auch in anderen F\u00e4chern verwendet werden kann. F\u00fcr die DLP Klasse ist eine separate Anmeldung n\u00f6tig, sowie ein Kennenlerngespr\u00e4ch. Mehr dazu finden Sie unter \u201eDLP\u201c.<\/p>\n<p><a href=\"https:\/\/grg21oe.at\/wp-content\/uploads\/2020\/10\/englisch2.jpg\"><img decoding=\"async\" class=\"size-full wp-image-4378 alignright\" src=\"https:\/\/grg21oe.at\/wp-content\/uploads\/2020\/10\/englisch2.jpg\" alt=\"\" width=\"600\" height=\"309\" srcset=\"https:\/\/grg21oe.at\/wp-content\/uploads\/2020\/10\/englisch2.jpg 600w, https:\/\/grg21oe.at\/wp-content\/uploads\/2020\/10\/englisch2-300x155.jpg 300w, https:\/\/grg21oe.at\/wp-content\/uploads\/2020\/10\/englisch2-580x299.jpg 580w\" sizes=\"(max-width: 600px) 100vw, 600px\" \/><\/a><\/p>\n<p>In der Oberstufe wird Schritt f\u00fcr Schritt ein Katalog an Alltagsthemen und gesellschaftlich relevanten Themen f\u00fcr die Matura erarbeitet (family &amp; relationships, nutrition &amp; health, education &amp; learning, fashion &amp; beauty, work, sports, art &amp; culture, money &amp; advertising, media &amp; communication, travelling &amp; tourism, the environment, social awareness, crime, safety &amp; security, diversity &amp; equality \u2026). Die Sch\u00fcler*innen vertiefen Sprachkenntnisse, erlernen zahlreiche Redewendungen, verbessern ihre F\u00e4higkeiten in der Aussprache und im Schreiben von Texten, und lernen nach und nach verschiedene Textformen. Die Kompetenzen (Lesen, Sprechen, Schreiben und H\u00f6rverstehen) werden trainiert und die Grammatikkenntnisse im Kontext erweitert. Die Testformate, die f\u00fcr die Matura wichtig sind, werden ge\u00fcbt, sowohl die schriftlichen als auch die m\u00fcndlichen (Vortrag &amp; Partnergespr\u00e4ch).<\/p>\n<p>In den Oberstufenklassen werden wir fast in jedem Schuljahr von einer Assistentin\/einem Assistenten unterst\u00fctzt, der\/die als Native Speaker aus einem englischsprachigen Land kommt und alle 2 Wochen f\u00fcr eine Stunde den Unterricht in den Oberstufenklassen besucht. So k\u00f6nnen die Sch\u00fcler*innen die Kommunikation zus\u00e4tzlich mit einem Native Speaker \u00fcben.<\/p>\n<p><a href=\"https:\/\/grg21oe.at\/wp-content\/uploads\/2020\/10\/englisch3.jpg\"><img decoding=\"async\" class=\"size-full wp-image-4379 alignright\" src=\"https:\/\/grg21oe.at\/wp-content\/uploads\/2020\/10\/englisch3.jpg\" alt=\"\" width=\"600\" height=\"450\" srcset=\"https:\/\/grg21oe.at\/wp-content\/uploads\/2020\/10\/englisch3.jpg 600w, https:\/\/grg21oe.at\/wp-content\/uploads\/2020\/10\/englisch3-300x225.jpg 300w, https:\/\/grg21oe.at\/wp-content\/uploads\/2020\/10\/englisch3-580x435.jpg 580w\" sizes=\"(max-width: 600px) 100vw, 600px\" \/><\/a><\/p>\n<p>Wir bieten auch Wahlkurse in Englisch an. Beispielsweise findet der CAE (Cambridge Advanced English) Kurs seit vielen Jahren erfolgreich statt und kann mit einer international anerkannten Pr\u00fcfung beendet werden. Dieser Kurs bietet vor allem guten Sch\u00fcler*innen die M\u00f6glichkeit, aktuelle Themen zu diskutieren und den Wortschatz auf C1-Niveau zu erweitern und zu vertiefen. Der Fokus liegt auf themenspezifischem Vokabular, idiomatischen Redewendungen, sowie Sprech- und H\u00f6rkompetenzen.<\/p>\n<p>Weiters bieten wir in Englisch einen Wahlkurs an, in welchem sich die Sch\u00fcler*innen mit Rhetorik und Kommunikationsstrategien besch\u00e4ftigen und praxisbezogen lernen, wie man erfolgreich diskutiert, eine Rede h\u00e4lt und Debatten leitet.<\/p>\n<p>Sprachreisen in englischsprachige L\u00e4nder finden in den Sprachenklassen in der 4. Klasse statt. In allen anderen Klassen ist es \u00fcblich, dass eine Sprachreise in der 6. Klasse organisiert wird. In der Vergangenheit besuchten wir z. B. Exeter, Bournemouth oder Brighton in England sowie Galway and Bray bei Dublin in Irland. In dieser einen Woche im Ausland nehmen die Sch\u00fcler*innen vormittags am Unterricht in einer Sprachschule teil. Nachmittags sowie am Wochenende finden Aktivit\u00e4ten und Ausfl\u00fcge statt. Die Sch\u00fcler*innen wohnen meist zu zweit bei Gastfamilien und lernen so Land und Leute kennen. Eine Sprachreise ist ein spezielles Erlebnis f\u00fcr jede Klasse, das die Sch\u00fcler*innen lange in guter Erinnerung behalten. Sie steigert die Motivation weiter Englisch zu lernen, festigt oft den Zusammenhalt in der Klasse und f\u00f6rdert die Selbstst\u00e4ndigkeit und das Selbstvertrauen der Sch\u00fcler*innen, sowie ihre Eigenst\u00e4ndigkeit.<\/p>\n<\/div>\n<\/div>\n<\/div>\n<\/div>\n<\/div>\n<\/div>\n<\/div>\n\n","protected":false},"excerpt":{"rendered":"","protected":false},"author":4,"featured_media":0,"parent":4027,"menu_order":0,"comment_status":"closed","ping_status":"closed","template":"","meta":{"footnotes":""},"class_list":["post-4307","page","type-page","status-publish","hentry"],"_links":{"self":[{"href":"https:\/\/grg21oe.at\/index.php?rest_route=\/wp\/v2\/pages\/4307","targetHints":{"allow":["GET"]}}],"collection":[{"href":"https:\/\/grg21oe.at\/index.php?rest_route=\/wp\/v2\/pages"}],"about":[{"href":"https:\/\/grg21oe.at\/index.php?rest_route=\/wp\/v2\/types\/page"}],"author":[{"embeddable":true,"href":"https:\/\/grg21oe.at\/index.php?rest_route=\/wp\/v2\/users\/4"}],"replies":[{"embeddable":true,"href":"https:\/\/grg21oe.at\/index.php?rest_route=%2Fwp%2Fv2%2Fcomments&post=4307"}],"version-history":[{"count":5,"href":"https:\/\/grg21oe.at\/index.php?rest_route=\/wp\/v2\/pages\/4307\/revisions"}],"predecessor-version":[{"id":11064,"href":"https:\/\/grg21oe.at\/index.php?rest_route=\/wp\/v2\/pages\/4307\/revisions\/11064"}],"up":[{"embeddable":true,"href":"https:\/\/grg21oe.at\/index.php?rest_route=\/wp\/v2\/pages\/4027"}],"wp:attachment":[{"href":"https:\/\/grg21oe.at\/index.php?rest_route=%2Fwp%2Fv2%2Fmedia&parent=4307"}],"curies":[{"name":"wp","href":"https:\/\/api.w.org\/{rel}","templated":true}]}}