{"id":4294,"date":"2020-08-23T16:21:12","date_gmt":"2020-08-23T15:21:12","guid":{"rendered":"http:\/\/grg21oe.at\/?page_id=4294"},"modified":"2025-10-03T19:04:01","modified_gmt":"2025-10-03T18:04:01","slug":"jugendcoaching","status":"publish","type":"page","link":"https:\/\/grg21oe.at\/?page_id=4294","title":{"rendered":"Jugendcoaching"},"content":{"rendered":"<style type=\"text\/css\"> \n#cmsms_row_69dcdc179c570 .cmsms_row_outer_parent { \n\tpadding-top: 40px; \n} \n\n#cmsms_row_69dcdc179c570 .cmsms_row_outer_parent { \n\tpadding-bottom: 50px; \n} \n\n<\/style><div id=\"cmsms_row_69dcdc179c570\" class=\"cmsms_row cmsms_color_scheme_default\">\n<div class=\"cmsms_row_outer_parent\">\n<div class=\"cmsms_row_outer\">\n<div class=\"cmsms_row_inner\">\n<div class=\"cmsms_row_margin\">\n<div class=\"cmsms_column one_first\">\n<div class=\"cmsms_text\">\n<h2>Jugendcoaching<\/h2>\n<p><span data-olk-copy-source=\"MessageBody\">Das Jugendcoaching bietet ab dem 9. individuellen Schulbesuchsjahr kostenlose und vertrauliche Beratung bei Lern- und Motivationsproblemen sowie pers\u00f6nlichen Problemen an. Au\u00dferdem hilft es gegebenenfalls bei der Suche nach einer Lehrstelle oder einer weiterf\u00fchrenden Schule.<\/span><\/p>\n<p><a href=\"https:\/\/grg21oe.at\/wp-content\/uploads\/2025\/03\/jugendcoaching.pdf\" target=\"_blank\" rel=\"noopener noreferrer\">Infoblatt zum Download<\/a><\/p>\n<\/div>\n<\/div>\n<\/div>\n<\/div>\n<\/div>\n<\/div>\n<\/div>\n\n","protected":false},"excerpt":{"rendered":"","protected":false},"author":4,"featured_media":0,"parent":0,"menu_order":0,"comment_status":"closed","ping_status":"closed","template":"","meta":{"footnotes":""},"class_list":["post-4294","page","type-page","status-publish","hentry"],"_links":{"self":[{"href":"https:\/\/grg21oe.at\/index.php?rest_route=\/wp\/v2\/pages\/4294","targetHints":{"allow":["GET"]}}],"collection":[{"href":"https:\/\/grg21oe.at\/index.php?rest_route=\/wp\/v2\/pages"}],"about":[{"href":"https:\/\/grg21oe.at\/index.php?rest_route=\/wp\/v2\/types\/page"}],"author":[{"embeddable":true,"href":"https:\/\/grg21oe.at\/index.php?rest_route=\/wp\/v2\/users\/4"}],"replies":[{"embeddable":true,"href":"https:\/\/grg21oe.at\/index.php?rest_route=%2Fwp%2Fv2%2Fcomments&post=4294"}],"version-history":[{"count":7,"href":"https:\/\/grg21oe.at\/index.php?rest_route=\/wp\/v2\/pages\/4294\/revisions"}],"predecessor-version":[{"id":10897,"href":"https:\/\/grg21oe.at\/index.php?rest_route=\/wp\/v2\/pages\/4294\/revisions\/10897"}],"wp:attachment":[{"href":"https:\/\/grg21oe.at\/index.php?rest_route=%2Fwp%2Fv2%2Fmedia&parent=4294"}],"curies":[{"name":"wp","href":"https:\/\/api.w.org\/{rel}","templated":true}]}}