{"id":4289,"date":"2020-08-23T16:08:15","date_gmt":"2020-08-23T15:08:15","guid":{"rendered":"http:\/\/grg21oe.at\/?page_id=4289"},"modified":"2025-11-18T15:30:43","modified_gmt":"2025-11-18T14:30:43","slug":"mediation","status":"publish","type":"page","link":"https:\/\/grg21oe.at\/?page_id=4289","title":{"rendered":"Mediation"},"content":{"rendered":"<style type=\"text\/css\"> \n#cmsms_row_69f4ff2e22b16 .cmsms_row_outer_parent { \n\tpadding-top: 40px; \n} \n\n#cmsms_row_69f4ff2e22b16 .cmsms_row_outer_parent { \n\tpadding-bottom: 50px; \n} \n\n<\/style><div id=\"cmsms_row_69f4ff2e22b16\" class=\"cmsms_row cmsms_color_scheme_default\">\n<div class=\"cmsms_row_outer_parent\">\n<div class=\"cmsms_row_outer\">\n<div class=\"cmsms_row_inner\">\n<div class=\"cmsms_row_margin\">\n<div class=\"cmsms_column one_first\">\n<div class=\"cmsms_text\">\n<h2>Mediation<\/h2>\n<p><img fetchpriority=\"high\" decoding=\"async\" class=\"alignnone wp-image-11180 size-medium\" src=\"https:\/\/grg21oe.at\/wp-content\/uploads\/2025\/11\/20251118_112516-scaled-e1763476091717-300x300.jpg\" alt=\"\" width=\"300\" height=\"300\" srcset=\"https:\/\/grg21oe.at\/wp-content\/uploads\/2025\/11\/20251118_112516-scaled-e1763476091717-300x300.jpg 300w, https:\/\/grg21oe.at\/wp-content\/uploads\/2025\/11\/20251118_112516-scaled-e1763476091717-1024x1024.jpg 1024w, https:\/\/grg21oe.at\/wp-content\/uploads\/2025\/11\/20251118_112516-scaled-e1763476091717-200x200.jpg 200w, https:\/\/grg21oe.at\/wp-content\/uploads\/2025\/11\/20251118_112516-scaled-e1763476091717-768x768.jpg 768w, https:\/\/grg21oe.at\/wp-content\/uploads\/2025\/11\/20251118_112516-scaled-e1763476091717-1536x1536.jpg 1536w, https:\/\/grg21oe.at\/wp-content\/uploads\/2025\/11\/20251118_112516-scaled-e1763476091717-2048x2048.jpg 2048w, https:\/\/grg21oe.at\/wp-content\/uploads\/2025\/11\/20251118_112516-scaled-e1763476091717-600x600.jpg 600w, https:\/\/grg21oe.at\/wp-content\/uploads\/2025\/11\/20251118_112516-scaled-e1763476091717-55x55.jpg 55w, https:\/\/grg21oe.at\/wp-content\/uploads\/2025\/11\/20251118_112516-scaled-e1763476091717-250x250.jpg 250w, https:\/\/grg21oe.at\/wp-content\/uploads\/2025\/11\/20251118_112516-scaled-e1763476091717-580x580.jpg 580w, https:\/\/grg21oe.at\/wp-content\/uploads\/2025\/11\/20251118_112516-scaled-e1763476091717-820x820.jpg 820w, https:\/\/grg21oe.at\/wp-content\/uploads\/2025\/11\/20251118_112516-scaled-e1763476091717-1160x1160.jpg 1160w\" sizes=\"(max-width: 300px) 100vw, 300px\" \/><\/p>\n<p>Wo viele Menschen zusammen arbeiten und lernen, entstehen auch Auseinandersetzungen, Meinungsverschiedenheiten oder sogar Streit. Manchmal k\u00f6nnen Sch\u00fcler\/innen so einen Streit nicht mehr alleine beenden und ben\u00f6tigen dabei Unterst\u00fctzung. Hier kann der\/die Klassenvorstand\/st\u00e4ndin helfen. Im autonomen Fach \u201eF\u00f6rderung der sozialen Kompetenzen\u201c besteht ebenso die M\u00f6glichkeit, Meinungsverschiedenheiten oder Probleme, die die gesamte Klasse betreffen, gemeinsam mit dem Klassenvorstand\/der Klassenvorst\u00e4nd*innen zu bearbeiten.<\/p>\n<div>\u201eKonflikte geh\u00f6ren zum Leben. L\u00f6sungen auch.\u201c<\/div>\n<div><\/div>\n<div aria-hidden=\"true\"><img decoding=\"async\" class=\"alignnone size-medium wp-image-11181\" src=\"https:\/\/grg21oe.at\/wp-content\/uploads\/2025\/11\/20251118_112620-225x300.jpg\" alt=\"\" width=\"225\" height=\"300\" srcset=\"https:\/\/grg21oe.at\/wp-content\/uploads\/2025\/11\/20251118_112620-225x300.jpg 225w, https:\/\/grg21oe.at\/wp-content\/uploads\/2025\/11\/20251118_112620-768x1024.jpg 768w, https:\/\/grg21oe.at\/wp-content\/uploads\/2025\/11\/20251118_112620-1152x1536.jpg 1152w, https:\/\/grg21oe.at\/wp-content\/uploads\/2025\/11\/20251118_112620-1536x2048.jpg 1536w, https:\/\/grg21oe.at\/wp-content\/uploads\/2025\/11\/20251118_112620-580x773.jpg 580w, https:\/\/grg21oe.at\/wp-content\/uploads\/2025\/11\/20251118_112620-820x1093.jpg 820w, https:\/\/grg21oe.at\/wp-content\/uploads\/2025\/11\/20251118_112620-1160x1547.jpg 1160w, https:\/\/grg21oe.at\/wp-content\/uploads\/2025\/11\/20251118_112620-scaled.jpg 1920w\" sizes=\"(max-width: 225px) 100vw, 225px\" \/><\/div>\n<div><\/div>\n<div>In diesem Sinne versuchen diverse Sch\u00fcler und Sch\u00fclerinnen der Oberstufe die Kinder der Unterstufe beim Streiten zu unterst\u00fctzen, bzw. sie versuchen, den J\u00fcngeren dabei zu helfen, selbstst\u00e4ndig zu L\u00f6sungen f\u00fcr ihre Streitereien durch ein Gespr\u00e4ch zu kommen. Allparteilich moderieren sie die Mediationsgespr\u00e4che, bei denen Empathie und Vereinbarungen erm\u00f6glicht werden sollen.<\/div>\n<div>Neben den Gespr\u00e4chen zur Streitschlichtung wird die Arbeit der Peers in den Klassen immer wichtiger. Sie werden in die FSK-Stunden (F\u00f6rderung sozialer Kompetenz) der Klassenvorst\u00e4nde eingeladen, veranstalten Kennlern-Nachmittage mit gruppendynamischen Spielen f\u00fcr die 1. Klassen, sowieso arbeiten sie zu Respekt und Freundschaft und aktuellen Themen mit den Klassen.<\/div>\n<div>Begleitet werden die Peers von zwei bis drei Coaches. Aktuell von Frau Prof. Bachk\u00f6nig, Vikoler und Wieser.<\/div>\n<div><\/div>\n<div><img decoding=\"async\" class=\"alignnone wp-image-11182 size-medium\" src=\"https:\/\/grg21oe.at\/wp-content\/uploads\/2025\/11\/20251118_112712-scaled-e1763476142310-300x225.jpg\" alt=\"\" width=\"300\" height=\"225\" srcset=\"https:\/\/grg21oe.at\/wp-content\/uploads\/2025\/11\/20251118_112712-scaled-e1763476142310-300x225.jpg 300w, https:\/\/grg21oe.at\/wp-content\/uploads\/2025\/11\/20251118_112712-scaled-e1763476142310-1024x768.jpg 1024w, https:\/\/grg21oe.at\/wp-content\/uploads\/2025\/11\/20251118_112712-scaled-e1763476142310-768x576.jpg 768w, https:\/\/grg21oe.at\/wp-content\/uploads\/2025\/11\/20251118_112712-scaled-e1763476142310-1536x1152.jpg 1536w, https:\/\/grg21oe.at\/wp-content\/uploads\/2025\/11\/20251118_112712-scaled-e1763476142310-2048x1536.jpg 2048w, https:\/\/grg21oe.at\/wp-content\/uploads\/2025\/11\/20251118_112712-scaled-e1763476142310-580x435.jpg 580w, https:\/\/grg21oe.at\/wp-content\/uploads\/2025\/11\/20251118_112712-scaled-e1763476142310-820x615.jpg 820w, https:\/\/grg21oe.at\/wp-content\/uploads\/2025\/11\/20251118_112712-scaled-e1763476142310-1160x870.jpg 1160w\" sizes=\"(max-width: 300px) 100vw, 300px\" \/><\/div>\n<div>Fotoquelle: AWS<\/div>\n<\/div>\n<\/div>\n<\/div>\n<\/div>\n<\/div>\n<\/div>\n<\/div>\n\n","protected":false},"excerpt":{"rendered":"","protected":false},"author":4,"featured_media":0,"parent":0,"menu_order":0,"comment_status":"closed","ping_status":"closed","template":"","meta":{"footnotes":""},"class_list":["post-4289","page","type-page","status-publish","hentry"],"_links":{"self":[{"href":"https:\/\/grg21oe.at\/index.php?rest_route=\/wp\/v2\/pages\/4289","targetHints":{"allow":["GET"]}}],"collection":[{"href":"https:\/\/grg21oe.at\/index.php?rest_route=\/wp\/v2\/pages"}],"about":[{"href":"https:\/\/grg21oe.at\/index.php?rest_route=\/wp\/v2\/types\/page"}],"author":[{"embeddable":true,"href":"https:\/\/grg21oe.at\/index.php?rest_route=\/wp\/v2\/users\/4"}],"replies":[{"embeddable":true,"href":"https:\/\/grg21oe.at\/index.php?rest_route=%2Fwp%2Fv2%2Fcomments&post=4289"}],"version-history":[{"count":5,"href":"https:\/\/grg21oe.at\/index.php?rest_route=\/wp\/v2\/pages\/4289\/revisions"}],"predecessor-version":[{"id":11183,"href":"https:\/\/grg21oe.at\/index.php?rest_route=\/wp\/v2\/pages\/4289\/revisions\/11183"}],"wp:attachment":[{"href":"https:\/\/grg21oe.at\/index.php?rest_route=%2Fwp%2Fv2%2Fmedia&parent=4289"}],"curies":[{"name":"wp","href":"https:\/\/api.w.org\/{rel}","templated":true}]}}