{"id":4062,"date":"2020-07-09T15:40:05","date_gmt":"2020-07-09T14:40:05","guid":{"rendered":"http:\/\/grg21oe.at\/?page_id=4062"},"modified":"2025-10-08T17:50:55","modified_gmt":"2025-10-08T16:50:55","slug":"mathematik","status":"publish","type":"page","link":"https:\/\/grg21oe.at\/?page_id=4062","title":{"rendered":"Mathematik (M)"},"content":{"rendered":"<style type=\"text\/css\"> \n#cmsms_row_69f16917b6148 .cmsms_row_outer_parent { \n\tpadding-top: 40px; \n} \n\n#cmsms_row_69f16917b6148 .cmsms_row_outer_parent { \n\tpadding-bottom: 50px; \n} \n\n \n#cmsms_row_69f16917b640d .cmsms_row_outer_parent { \n\tpadding-top: 0px; \n} \n\n#cmsms_row_69f16917b640d .cmsms_row_outer_parent { \n\tpadding-bottom: 50px; \n} \n\n \n#cmsms_row_69f16917b64bb .cmsms_row_outer_parent { \n\tpadding-top: 0px; \n} \n\n#cmsms_row_69f16917b64bb .cmsms_row_outer_parent { \n\tpadding-bottom: 50px; \n} \n\n<\/style><div id=\"cmsms_row_69f16917b6148\" class=\"cmsms_row cmsms_color_scheme_default\">\n<div class=\"cmsms_row_outer_parent\">\n<div class=\"cmsms_row_outer\">\n<div class=\"cmsms_row_inner\">\n<div class=\"cmsms_row_margin\">\n<div class=\"cmsms_column one_first\">\n<div class=\"cmsms_text\">\n<h1><span style=\"color: #9766dd;\">MATHEMATIK<\/span><\/h1>\n<p>An unserer Schule wird der Mathematikunterricht sehr vielseitig gestaltet, um auf die unterschiedlichen F\u00e4higkeiten und Lerntypen der einzelnen Sch\u00fclerinnen und Sch\u00fcler einzugehen. Es werden verschiedene Unterrichtsmethoden, wie <strong>Offenes Lernen (OL), Gruppenarbeiten, Referate<\/strong>, usw. angewandt.<\/p>\n<h5><a href=\"https:\/\/grg21oe.at\/wp-content\/uploads\/2020\/07\/mathematik.ppt\" target=\"_blank\" rel=\"noopener noreferrer\">Offenes Lernen (OL) als Powerpoint<\/a><\/h5>\n<h5><a href=\"https:\/\/grg21oe.at\/wp-content\/uploads\/2020\/07\/mathematik.pdf\" target=\"_blank\" rel=\"noopener noreferrer\">Offenes Lernen (OL) als pdf zum Download<\/a><\/h5>\n<\/div>\n<\/div>\n<\/div>\n<\/div>\n<\/div>\n<\/div>\n<\/div>\n<div id=\"cmsms_row_69f16917b640d\" class=\"cmsms_row cmsms_color_scheme_default\">\n<div class=\"cmsms_row_outer_parent\">\n<div class=\"cmsms_row_outer\">\n<div class=\"cmsms_row_inner\">\n<div class=\"cmsms_row_margin\">\n<div class=\"cmsms_column one_half\">\n<div class=\"cmsms_text\">\n<p><a href=\"https:\/\/grg21oe.at\/wp-content\/uploads\/2020\/07\/mathematik3.jpg\"><img fetchpriority=\"high\" decoding=\"async\" class=\"alignnone size-project-thumb wp-image-4068\" src=\"https:\/\/grg21oe.at\/wp-content\/uploads\/2020\/07\/mathematik3-580x460.jpg\" alt=\"\" width=\"580\" height=\"460\" \/><\/a><\/p>\n<\/div>\n<\/div>\n<div class=\"cmsms_column one_half\">\n<div class=\"cmsms_text\">\n<p><a href=\"https:\/\/grg21oe.at\/wp-content\/uploads\/2020\/07\/mathematik4.jpg\"><img decoding=\"async\" class=\"alignnone size-project-thumb wp-image-4069\" src=\"https:\/\/grg21oe.at\/wp-content\/uploads\/2020\/07\/mathematik4-580x460.jpg\" alt=\"\" width=\"580\" height=\"460\" \/><\/a><\/p>\n<\/div>\n<\/div>\n<\/div>\n<\/div>\n<\/div>\n<\/div>\n<\/div>\n<div id=\"cmsms_row_69f16917b64bb\" class=\"cmsms_row cmsms_color_scheme_default\">\n<div class=\"cmsms_row_outer_parent\">\n<div class=\"cmsms_row_outer\">\n<div class=\"cmsms_row_inner\">\n<div class=\"cmsms_row_margin\">\n<div class=\"cmsms_column one_first\">\n<div class=\"cmsms_text\">\n<p>Der Computereinsatz spielt im Mathematikunterricht eine zentrale Rolle. Schon in der Unterstufe wird zeitweise mit dem Computer gearbeitet und wird in jeder Schulstufe fortgef\u00fchrt, vertieft und erweitert. Ab der Oberstufe \u2013 teilweise schon ab der 5. Klasse, jedenfalls aber ab der 7. Klasse &#8211; wird auch bei den Schularbeiten der Computer bzw. das Programm Geogebra verwendet, um die Sch\u00fclerinnen und Sch\u00fcler bestm\u00f6glich auf die Zentralmatura vorzubereiten.<\/p>\n<p><a href=\"https:\/\/grg21oe.at\/wp-content\/uploads\/2020\/07\/mathematik1.jpg\"><img decoding=\"async\" class=\"alignnone size-project-thumb wp-image-4066\" src=\"https:\/\/grg21oe.at\/wp-content\/uploads\/2020\/07\/mathematik1-580x460.jpg\" alt=\"\" width=\"580\" height=\"460\" srcset=\"https:\/\/grg21oe.at\/wp-content\/uploads\/2020\/07\/mathematik1-580x460.jpg 580w, https:\/\/grg21oe.at\/wp-content\/uploads\/2020\/07\/mathematik1-1160x920.jpg 1160w\" sizes=\"(max-width: 580px) 100vw, 580px\" \/><\/a><\/p>\n<p><a href=\"https:\/\/grg21oe.at\/wp-content\/uploads\/2020\/07\/mathematik2.jpg\"><img loading=\"lazy\" decoding=\"async\" class=\"alignnone size-project-thumb wp-image-4067\" src=\"https:\/\/grg21oe.at\/wp-content\/uploads\/2020\/07\/mathematik2-580x460.jpg\" alt=\"\" width=\"580\" height=\"460\" \/><\/a><\/p>\n<p><a href=\"https:\/\/grg21oe.at\/wp-content\/uploads\/2020\/07\/K\u00e4nguru.png\"><img loading=\"lazy\" decoding=\"async\" class=\"size-full wp-image-4065 alignleft\" src=\"https:\/\/grg21oe.at\/wp-content\/uploads\/2020\/07\/K\u00e4nguru.png\" alt=\"\" width=\"225\" height=\"225\" srcset=\"https:\/\/grg21oe.at\/wp-content\/uploads\/2020\/07\/K\u00e4nguru.png 225w, https:\/\/grg21oe.at\/wp-content\/uploads\/2020\/07\/K\u00e4nguru-200x200.png 200w, https:\/\/grg21oe.at\/wp-content\/uploads\/2020\/07\/K\u00e4nguru-55x55.png 55w\" sizes=\"(max-width: 225px) 100vw, 225px\" \/><\/a>Unsere Sch\u00fclerinnen und Sch\u00fcler k\u00f6nnen jedes Jahr am K\u00e4nguruwettbewerb der Mathematik teilnehmen. Dieser Wettbewerb f\u00f6rdert das mathematische und logische Denken und gibt den Sch\u00fclerinnen und Sch\u00fclern die M\u00f6glichkeit sich mit anderen zu messen.<\/p>\n<p>Ein Einblick in die Aufgabenstellungen der letzten Jahre: <a href=\"https:\/\/www.kaenguru.at\/aufgaben.html\">https:\/\/www.kaenguru.at\/aufgaben.html<\/a><\/p>\n<p>In der Oberstufe bietet die Fachgruppe Mathematik verschiedene Wahlkurse an. So kann auf die verschiedensten Interessen und Begabungen der Sch\u00fclerinnen und Sch\u00fcler eingegangen werden.<\/p>\n<\/div>\n<\/div>\n<\/div>\n<\/div>\n<\/div>\n<\/div>\n<\/div>\n\n","protected":false},"excerpt":{"rendered":"","protected":false},"author":4,"featured_media":0,"parent":4027,"menu_order":0,"comment_status":"closed","ping_status":"closed","template":"","meta":{"footnotes":""},"class_list":["post-4062","page","type-page","status-publish","hentry"],"_links":{"self":[{"href":"https:\/\/grg21oe.at\/index.php?rest_route=\/wp\/v2\/pages\/4062","targetHints":{"allow":["GET"]}}],"collection":[{"href":"https:\/\/grg21oe.at\/index.php?rest_route=\/wp\/v2\/pages"}],"about":[{"href":"https:\/\/grg21oe.at\/index.php?rest_route=\/wp\/v2\/types\/page"}],"author":[{"embeddable":true,"href":"https:\/\/grg21oe.at\/index.php?rest_route=\/wp\/v2\/users\/4"}],"replies":[{"embeddable":true,"href":"https:\/\/grg21oe.at\/index.php?rest_route=%2Fwp%2Fv2%2Fcomments&post=4062"}],"version-history":[{"count":12,"href":"https:\/\/grg21oe.at\/index.php?rest_route=\/wp\/v2\/pages\/4062\/revisions"}],"predecessor-version":[{"id":11073,"href":"https:\/\/grg21oe.at\/index.php?rest_route=\/wp\/v2\/pages\/4062\/revisions\/11073"}],"up":[{"embeddable":true,"href":"https:\/\/grg21oe.at\/index.php?rest_route=\/wp\/v2\/pages\/4027"}],"wp:attachment":[{"href":"https:\/\/grg21oe.at\/index.php?rest_route=%2Fwp%2Fv2%2Fmedia&parent=4062"}],"curies":[{"name":"wp","href":"https:\/\/api.w.org\/{rel}","templated":true}]}}