{"id":3482,"date":"2020-01-27T21:04:27","date_gmt":"2020-01-27T20:04:27","guid":{"rendered":"http:\/\/grg21oe.at\/?page_id=3482"},"modified":"2026-02-11T14:30:48","modified_gmt":"2026-02-11T13:30:48","slug":"vwa","status":"publish","type":"page","link":"https:\/\/grg21oe.at\/?page_id=3482","title":{"rendered":"ABA"},"content":{"rendered":"<style type=\"text\/css\"> \n#cmsms_row_69f4fcf4acc49 .cmsms_row_outer_parent { \n\tpadding-top: 40px; \n} \n\n#cmsms_row_69f4fcf4acc49 .cmsms_row_outer_parent { \n\tpadding-bottom: 20px; \n} \n\n \n#cmsms_row_69f4fcf4acd10 .cmsms_row_outer_parent { \n\tpadding-top: 0px; \n} \n\n#cmsms_row_69f4fcf4acd10 .cmsms_row_outer_parent { \n\tpadding-bottom: 50px; \n} \n\n \n#cmsms_row_69f4fcf4ace0a .cmsms_row_outer_parent { \n\tpadding-top: 0px; \n} \n\n#cmsms_row_69f4fcf4ace0a .cmsms_row_outer_parent { \n\tpadding-bottom: 50px; \n} \n\n<\/style><div id=\"cmsms_row_69f4fcf4acc49\" class=\"cmsms_row cmsms_color_scheme_default\">\n<div class=\"cmsms_row_outer_parent\">\n<div class=\"cmsms_row_outer\">\n<div class=\"cmsms_row_inner\">\n<div class=\"cmsms_row_margin\">\n<div class=\"cmsms_column one_first\">\n<div class=\"cmsms_text\">\n<h1><span style=\"color: #2f8ac6;\">ABA-Die Abschlie\u00dfende Arbeit<\/span><span style=\"color: #800080;\"><strong><br \/>\n<\/strong><\/span><\/h1>\n<p><a href=\"https:\/\/grg21oe.at\/wp-content\/uploads\/2020\/04\/vwa_1.png\"><img fetchpriority=\"high\" decoding=\"async\" class=\"wp-image-3862 alignright\" src=\"https:\/\/grg21oe.at\/wp-content\/uploads\/2020\/04\/vwa_1.png\" alt=\"\" width=\"427\" height=\"427\" srcset=\"https:\/\/grg21oe.at\/wp-content\/uploads\/2020\/04\/vwa_1.png 500w, https:\/\/grg21oe.at\/wp-content\/uploads\/2020\/04\/vwa_1-300x300.png 300w, https:\/\/grg21oe.at\/wp-content\/uploads\/2020\/04\/vwa_1-200x200.png 200w, https:\/\/grg21oe.at\/wp-content\/uploads\/2020\/04\/vwa_1-55x55.png 55w, https:\/\/grg21oe.at\/wp-content\/uploads\/2020\/04\/vwa_1-250x250.png 250w\" sizes=\"(max-width: 427px) 100vw, 427px\" \/><\/a>Die Abschlie\u00dfende Arbeit darf sich nicht allein in der Verarbeitung von Informationsquellen ersch\u00f6pfen, sondern muss deutlich zeigen, dass der\/ die Sch\u00fcler*in imstande ist, eigene Schlussfolgerungen zu ziehen und beides, eigenen und fremden Anteil (Rechercheergebnisse, Daten, Informationen) zu verkn\u00fcpfen. Das Hauptaugenmerk liegt dabei darauf, eine relevante Fragestellung zum Thema zu formulieren und diese in sachlogischer, stringenter Argumentation am Schluss zu beantworten.<\/p>\n<p><strong>Ziele der ABA und ihrer Pr\u00e4sentation\/ Diskussion:<\/strong><\/p>\n<ul>\n<li>Relevante Fragestellung zum Thema formulieren<\/li>\n<li>Selbstst\u00e4ndigkeit<\/li>\n<li>Ursachen und Zusammenh\u00e4nge aufzeigen<\/li>\n<li>Arbeit mit Quellen und (vor)wissenschaftlichen Methoden<\/li>\n<li>Logisches und kritisches Denken<\/li>\n<li>Klare Begriffsbildung<\/li>\n<li>Sinnvolle Fragestellungen<\/li>\n<li>Ausdrucks- und Diskursf\u00e4higkeit<\/li>\n<\/ul>\n<\/div>\n<\/div>\n<\/div>\n<\/div>\n<\/div>\n<\/div>\n<\/div>\n<div id=\"cmsms_row_69f4fcf4acd10\" class=\"cmsms_row cmsms_color_scheme_default\">\n<div class=\"cmsms_row_outer_parent\">\n<div class=\"cmsms_row_outer\">\n<div class=\"cmsms_row_inner\">\n<div class=\"cmsms_row_margin\">\n<div class=\"cmsms_column one_half\">\n<div class=\"cmsms_text\">\n<p><span style=\"color: #800080;\"><strong>Wichtige Eckpunkte:<\/strong><\/span><\/p>\n<ul>\n<li>Die Anmeldung zur ABA findet im 1. Semester der vorletzten Schulstufe statt. Im Laufe des 1. Semesters erfolgen: Themenfindung, Themenfestlegung im Einvernehmen mit dem\/der Betreuer\/in und Erstellen des Erwartungshorizonts.<\/li>\n<li>Danach: Einreichung der Themenstellung durch die Sch\u00fcler*innen mittels Ausf\u00fcllen des Online-Formulars auf der Genehmigungsdatenbank. Die Schule setzt eine interne Frist, bis zu der alle Themeneinreichungen abgeschlossen sein m\u00fcssen.<\/li>\n<li>Die Genehmigung des Themas erfolgt durch die zust\u00e4ndige Schulbeh\u00f6rde bis Ende April. Bei Ablehnung eines Themas wird eine Nachfrist f\u00fcr die Vorlage eines neuen Themas gesetzt.<\/li>\n<li>Lehrer*innen k\u00f6nnen ein Thema ablehnen, nicht aber einen Sch\u00fcler oder eine Sch\u00fclerin.<\/li>\n<li>Es besteht f\u00fcr die Sch\u00fcler*innen grunds\u00e4tzlich freie Wahl der Pr\u00fcfer*innen.<\/li>\n<li>Die Pr\u00fcfer*innen m\u00fcssen (fach- und) sachkompetent sein.<\/li>\n<li>Die Zahl der ABAs pro Pr\u00fcfer*in betr\u00e4gt in der Regel drei.<\/li>\n<li>Die ABA ist nicht unbedingt einem Unterrichtsgegenstand zugeordnet. Im Reifepr\u00fcfungszeugnis werden der Titel der ABA und die Beurteilung dieses Pr\u00fcfungsgebietes angef\u00fchrt.<\/li>\n<\/ul>\n<\/div>\n<\/div>\n<div class=\"cmsms_column one_half\">\n<div class=\"cmsms_text\">\n<ul>\n<li>Bei der Erstellung einer Abschlie\u00dfenden Arbeit ist nach wissenschaftlichen Kriterien vorzugehen.<\/li>\n<li>Die schriftliche Arbeit hat einen Umfang von h\u00f6chstens 60000 Zeichen inklusive Leerzeichen, Quellenbelegen im Text und Fu\u00dfnoten und exklusive Vorwort, Inhalts-, Literatur- und Abk\u00fcrzungsverzeichnis zu umfassen. Nichtlineare Texte (z. B. Grafiken, Statistiken etc.) sind bei der Berechnung des Umfangs der Arbeit entsprechend zu ber\u00fccksichtigen. Sie kann im Einvernehmen mit dem\/der Betreuer\/in auch in einer von der Pr\u00fcfungskandidatin oder vom Pr\u00fcfungskandidaten besuchten lebenden Fremdsprache abgefasst werden.<\/li>\n<li>Im Rahmen der schriftlichen Arbeit ist ein Abstract im Umfang von ca. 1000 bis 1500 Zeichen inklusive Leerzeichen zu erstellen, in welchem das Thema, die Fragestellung, die Problemformulierung und die wesentlichen Ergebnisse schl\u00fcssig darzulegen sind.<\/li>\n<li>Wurde die schriftliche Arbeit in einer lebenden Fremdsprache verfasst, so kann die Pr\u00e4sentation und Diskussion auf Wunsch der Pr\u00fcfungskandidat*innen und mit Zustimmung aller Kommissionsmitglieder in dieser Fremdsprache abgehalten werden.<\/li>\n<li>Beim Formatieren ist auf Lesbarkeit, \u00dcbersichtlichkeit und Einheitlichkeit (Abst\u00e4nde!) zu achten und korrekt zu zitieren.<\/li>\n<\/ul>\n<\/div>\n<\/div>\n<\/div>\n<\/div>\n<\/div>\n<\/div>\n<\/div>\n<div id=\"cmsms_row_69f4fcf4ace0a\" class=\"cmsms_row cmsms_color_scheme_default\">\n<div class=\"cmsms_row_outer_parent\">\n<div class=\"cmsms_row_outer\">\n<div class=\"cmsms_row_inner\">\n<div class=\"cmsms_row_margin\">\n<div class=\"cmsms_column one_first\">\n<div class=\"cmsms_text\">\n<p><strong><span style=\"color: #800080;\">Bestandteile einer ABA:<\/span><a href=\"https:\/\/grg21oe.at\/wp-content\/uploads\/2020\/03\/vwa2.jpg\"><img decoding=\"async\" class=\"wp-image-3701 alignright\" src=\"https:\/\/grg21oe.at\/wp-content\/uploads\/2020\/03\/vwa2.jpg\" alt=\"\" width=\"588\" height=\"331\" srcset=\"https:\/\/grg21oe.at\/wp-content\/uploads\/2020\/03\/vwa2.jpg 800w, https:\/\/grg21oe.at\/wp-content\/uploads\/2020\/03\/vwa2-300x169.jpg 300w, https:\/\/grg21oe.at\/wp-content\/uploads\/2020\/03\/vwa2-768x432.jpg 768w, https:\/\/grg21oe.at\/wp-content\/uploads\/2020\/03\/vwa2-580x326.jpg 580w\" sizes=\"(max-width: 588px) 100vw, 588px\" \/><\/a><\/strong><\/p>\n<ul>\n<li>Titelblatt<\/li>\n<li>Abstract in deutscher oder englischer Sprache<\/li>\n<li>Vorwort (optional)<\/li>\n<li>Inhaltsverzeichnis<\/li>\n<li>Textteil: Einleitung \u2013 Hauptteil \u2013 Schluss (Fazit)<\/li>\n<li>Literaturverzeichnis<\/li>\n<li>Abbildungsverzeichnis (optional)<\/li>\n<li>Abk\u00fcrzungsverzeichnis (optional)<\/li>\n<li>Glossar (optional)<\/li>\n<li>Anhang (optional)<\/li>\n<li>Eigenst\u00e4ndigkeitserkl\u00e4rung<\/li>\n<li>Beilage: Begleit- und Betreuungsprotokoll<\/li>\n<\/ul>\n<p><span style=\"color: #800080;\"><strong>Abgabe:<\/strong><\/span><\/p>\n<ul>\n<li>In der letzten Schulstufe ist eine kontinuierliche Betreuung vorgesehen.<\/li>\n<li>Das F\u00fchren eines (begleitenden) Protokolls, in dem eigene Fortschritte dokumentiert werden, ist f\u00fcr Sch\u00fcler*innen verpflichtend.<\/li>\n<li>Die Abgabe der ABA (inkl. unterschriebenem Begleitprotokoll) und das Hochladen auf der Genehmigungsdatenbank m\u00fcssen bis Freitag der 1. Schulwoche im 2. Semester der letzten Schulstufe stattfinden.<\/li>\n<li>Vorlage: digital + zwei ausgedruckte Exemplare<\/li>\n<li>Die zust\u00e4ndige Schulbeh\u00f6rde legt den Zeitraum f\u00fcr die Pr\u00e4sentation und Diskussion der ABA fest. Die Dauer der Pr\u00e4sentation betr\u00e4gt ca. 10\u2013bis 15 Minuten und soll ein Problemaufriss, jedoch nicht blo\u00df eine Inhaltsangabe sein. Die Kandidat*innen m\u00fcssen Diskursf\u00e4higkeit, initiative Mitgestaltung des Gespr\u00e4chs, Argumentationsf\u00e4higkeit, Fachkompetenz etc. unter Beweis stellen.<\/li>\n<li>Die Kommission besteht aus dem Vorsitz (ohne Stimmrecht), der Schulleitung, dem\/der Klassenvorstand*st\u00e4ndin und dem\/der Pr\u00fcfer*in mit jeweils einer Stimme.<\/li>\n<\/ul>\n<p><span style=\"color: #800080;\"><strong>Beurteilung:<\/strong><\/span><\/p>\n<ul>\n<li>Das Pr\u00fcfungsgebiet \u201eAbschlie\u00dfende Arbeit\u201c setzt sich aus der schriftlichen Arbeit sowie deren Pr\u00e4sentation und Diskussion zusammen.<\/li>\n<li>Die Gesamtbeurteilung wird nach der Pr\u00e4sentation und Diskussion durch die Kommission festgelegt.<\/li>\n<li>Eine positiv beurteilte ABA (mit Pr\u00e4sentation\/Diskussion) bleibt erhalten, auch wenn die Abschlussklasse wiederholt werden muss.<\/li>\n<\/ul>\n<p><strong>Gesetzliche Grundlagen, zus\u00e4tzliche Informationen und Tipps sowie Checklisten und Materialien sind auf folgenden Webseiten zu finden:<\/strong><\/p>\n<p><a href=\"http:\/\/www.ahs-vwa.at\" target=\"_blank\" rel=\"noopener noreferrer\">www.ahs-aba.at<\/a><\/p>\n<p><a href=\"http:\/\/www.literacy.at\" target=\"_blank\" rel=\"noopener noreferrer\">www.literacy.at<\/a><\/p>\n<\/div>\n<\/div>\n<\/div>\n<\/div>\n<\/div>\n<\/div>\n<\/div>\n\n","protected":false},"excerpt":{"rendered":"","protected":false},"author":4,"featured_media":0,"parent":0,"menu_order":0,"comment_status":"closed","ping_status":"closed","template":"","meta":{"footnotes":""},"class_list":["post-3482","page","type-page","status-publish","hentry"],"_links":{"self":[{"href":"https:\/\/grg21oe.at\/index.php?rest_route=\/wp\/v2\/pages\/3482","targetHints":{"allow":["GET"]}}],"collection":[{"href":"https:\/\/grg21oe.at\/index.php?rest_route=\/wp\/v2\/pages"}],"about":[{"href":"https:\/\/grg21oe.at\/index.php?rest_route=\/wp\/v2\/types\/page"}],"author":[{"embeddable":true,"href":"https:\/\/grg21oe.at\/index.php?rest_route=\/wp\/v2\/users\/4"}],"replies":[{"embeddable":true,"href":"https:\/\/grg21oe.at\/index.php?rest_route=%2Fwp%2Fv2%2Fcomments&post=3482"}],"version-history":[{"count":33,"href":"https:\/\/grg21oe.at\/index.php?rest_route=\/wp\/v2\/pages\/3482\/revisions"}],"predecessor-version":[{"id":11412,"href":"https:\/\/grg21oe.at\/index.php?rest_route=\/wp\/v2\/pages\/3482\/revisions\/11412"}],"wp:attachment":[{"href":"https:\/\/grg21oe.at\/index.php?rest_route=%2Fwp%2Fv2%2Fmedia&parent=3482"}],"curies":[{"name":"wp","href":"https:\/\/api.w.org\/{rel}","templated":true}]}}