{"id":2618,"date":"2019-05-03T14:13:30","date_gmt":"2019-05-03T13:13:30","guid":{"rendered":"http:\/\/grg21oe.at\/?page_id=2618"},"modified":"2025-10-14T06:05:20","modified_gmt":"2025-10-14T05:05:20","slug":"bibliothek","status":"publish","type":"page","link":"https:\/\/grg21oe.at\/?page_id=2618","title":{"rendered":"Bibliothek"},"content":{"rendered":"<style type=\"text\/css\"> \n#cmsms_row_69feba722c6c1 { \n\tbackground-image: url(https:\/\/grg21oe.at\/wp-content\/uploads\/2019\/05\/buch.gif); \n\tbackground-position: top center; \n\tbackground-repeat: no-repeat; \n\tbackground-attachment: scroll; \n\tbackground-size: cover; \n} \n\n#cmsms_row_69feba722c6c1 .cmsms_row_outer_parent { \n\tpadding-top: 0px; \n} \n\n#cmsms_row_69feba722c6c1 .cmsms_row_outer_parent { \n\tpadding-bottom: 50px; \n} \n\n<\/style><div id=\"cmsms_row_69feba722c6c1\" class=\"cmsms_row cmsms_color_scheme_default\">\n<div class=\"cmsms_row_outer_parent\">\n<div class=\"cmsms_row_outer\">\n<div class=\"cmsms_row_inner\">\n<div class=\"cmsms_row_margin\">\n<\/div>\n<\/div>\n<\/div>\n<\/div>\n<\/div>\n<div class=\"cmsms_column one_first\">\n<\/div>\n<div class=\"cmsms_column one_first\">\n<\/div>\n<div class=\"cmsms_text\">\n<h1><\/h1>\n<h1><span style=\"color: #4852ba;\">BIBLIOTHEK<\/span><\/h1>\n<\/div>\n<div class=\"cmsms_tabs tabs_mode_tour tabs_pos_left\">\n<ul class=\"cmsms_tabs_list\">\n<\/ul>\n<div class=\"cmsms_tabs_wrap\">\n<\/div>\n<\/div><div id=\"cmsms_tab_69feba722c953\" class=\"cmsms_tab active_tab\">\n<div class=\"cmsms_tab_inner\">\n<h5><\/h5>\n<h5 style=\"text-align: center;\">INFORMATION<\/h5>\n<h5 style=\"text-align: center;\">KOMMUNIKATION<\/h5>\n<h5 style=\"text-align: center;\">UNTERRICHT<\/h5>\n<h5 style=\"text-align: center;\">\u00dcber 16.000 Medien verf\u00fcgbar<\/h5>\n<h4 style=\"text-align: center;\"><strong><em><a href=\"http:\/\/www.grg21.schulbibliothek.net\/opac.php\" target=\"_blank\" rel=\"noopener noreferrer\"><span style=\"color: #4852ba;\">WEBOPAC<\/span><\/a><\/em><\/strong><\/h4>\n<h4 style=\"text-align: center;\"><span style=\"color: #4852ba;\"><strong><em><a style=\"color: #4852ba;\" href=\"http:\/\/www.grg21.schulbibliothek.net\/search?mode=n&amp;q=&amp;ma=0&amp;flt=&amp;sort_0=Systematik&amp;sort_1=Haupteintrag&amp;sort_2=Haupttitel&amp;view=list&amp;page_size=10\" target=\"_blank\" rel=\"noopener noreferrer\">NEU EINGELANGT<\/a><\/em><\/strong><\/span><\/h4>\n<\/div>\n<\/div><div id=\"cmsms_tab_69feba722c984\" class=\"cmsms_tab\">\n<div class=\"cmsms_tab_inner\">\n<h3><span style=\"color: #4852ba;\"><strong>WIR \u00dcBER UNS<\/strong><\/span><\/h3>\n<p><strong>LEHRER*INNEN<\/strong><\/p>\n<p><img decoding=\"async\" class=\"alignnone wp-image-9066 size-full\" src=\"https:\/\/grg21oe.at\/wp-content\/uploads\/2023\/11\/Foto-FUE_2-e1699949982744.jpg\" alt=\"\" width=\"109\" height=\"155\" \/><\/p>\n<p><strong><br \/>\n<\/strong><strong>Mag. Sabine F\u00dcHRER<br \/>\n<\/strong>F\u00e4cher: Deutsch, Geschichte und politische Bildung, Geografie und wirtschaftliche Bildung<\/p>\n<hr \/>\n<p><img decoding=\"async\" class=\"alignnone wp-image-2642 size-full\" src=\"https:\/\/grg21oe.at\/wp-content\/uploads\/2019\/05\/ros.jpg\" alt=\"\" width=\"109\" height=\"155\" \/><strong><br \/>\nMag. Elisabeth ROSENKRANZ<\/strong><br \/>\nF\u00e4cher: Deutsch, Englisch<\/p>\n<hr \/>\n<p><strong>NAVIGATOR*INNEN<\/strong><\/p>\n<p>derzeit keine<\/p>\n<h3><span style=\"color: #4852ba;\"><strong>\u00d6FFNUNGSZEITEN<\/strong><\/span><\/h3>\n<h5>Vor der ersten Stunde, 07:55\u201308:10<\/h5>\n<h5>Montag\u00a0\u00a0 \u00a0 \u00a0 \u00a0\u00a0 \u00a0 9:50 &#8211; 14:40<\/h5>\n<h5>Dienstag\u00a0 \u00a0 \u00a0 \u00a0 \u00a0 9:50 &#8211; 14.40<\/h5>\n<h5>Mittwoch\u00a0 \u00a0 \u00a0 \u00a09:50 &#8211; 11:05<\/h5>\n<h5>Donnerstag\u00a0 \u00a09:50 &#8211; 13:50<\/h5>\n<h5>Freitag 13:50 &#8211; 14:40<\/h5>\n<h3><strong><span style=\"color: #333399;\">BIBLIOTHEKSORDNUNG<br \/>\n<\/span><\/strong><\/h3>\n<p>Alle Lehre*innen und Sch\u00fcler*innen sind herzlich zur Benutzung der Bibliothek eingeladen. Folgende allgemeine Regeln bitte einhalten.<\/p>\n<ol>\n<li>Die Bibliothek ist vor allem ein Ort zum Arbeiten mit Printmedien und Internet.<\/li>\n<li>Wer etwas am PC f\u00fcr den Unterricht erarbeiten muss, hat daher immer Vorrang.<\/li>\n<li>Die Benutzung der Computer ist erst nach der Computereinschulung in der Bibliothek m\u00f6glich.<\/li>\n<li>Vor Beginn der Arbeit am Computer muss eine Anmeldung bei einer anwesenden Lehrkraft erfolgen.<\/li>\n<li>Wer die allgemeinen Schulregeln \u00fcbertritt, etwa unstatthafte E-Mails verschickt oder absichtlich anst\u00f6\u00dfiges Material aus dem Internet aufruft, muss mit einem Entzug der Berechtigung zur Nutzung der Ger\u00e4te rechnen.<\/li>\n<li>Nach Beendigung der Arbeit am Computer muss eine Abmeldung vom Netzwerk erfolgen.<\/li>\n<li>Jede\/r Besucher\/in ist mitverantwortlich f\u00fcr das Funktionieren der EDV-Anlagen in der Bibliothek.<\/li>\n<li>Die anderen Bibliotheksbenutzer*innen d\u00fcrfen nicht bei der Arbeit gest\u00f6rt werden. Daher m\u00f6glichst leise arbeiten! Platz aufr\u00e4umen und Sessel zu den Tischen stellen.<\/li>\n<li>Auf die Einrichtung Acht geben! Deshalb bitte in der Bibliothek und auch im Arbeitsbereich der Pausenhalle nicht essen oder trinken und die Taschen vor der Bibliothek abstellen oder in der Klasse lassen.<\/li>\n<li>Hausschuhpflicht bitte immer beachten und die Bibliothek nicht mit schmutzigen Schuhen betreten.<\/li>\n<li>Den Anweisungen der Bibliothekar\/innen und Navigator\/innen Folge leisten!<\/li>\n<\/ol>\n<\/div>\n<\/div><div id=\"cmsms_tab_69feba722c9e9\" class=\"cmsms_tab\">\n<div class=\"cmsms_tab_inner\">\n<h3><span style=\"color: #4852ba;\"><strong>ENTLEHNUNG<\/strong><\/span><\/h3>\n<ol>\n<li>Fast alle in der Bibliothek aufgestellten Medien (B\u00fccher, Zeitschriften, DVDs und Spiele) k\u00f6nnen entlehnt werden. Ausnahmen: Lexika und W\u00f6rterb\u00fccher<\/li>\n<li>Entlehnungszeiten: f\u00fcr B\u00fccher und Zeitschriften: 4 Wochen, f\u00fcr DVDs: 1 Woche<\/li>\n<li>Die Entlehnungsfrist kann und soll, wenn notwendig, verl\u00e4ngert werden.<\/li>\n<\/ol>\n<\/div>\n<\/div><div id=\"cmsms_tab_69feba722ca09\" class=\"cmsms_tab\">\n<div class=\"cmsms_tab_inner\">\n<\/div>\n<\/div><\/p>\n<h3><span style=\"color: #4852ba;\"><strong>LESEN<\/strong><\/span><\/h3>\n<p>Zum Thema Lesen gibt es einige interessante und hilfreiche Internetseiten. Diese Links schlagen wir vor:<\/p>\n<p><a href=\"http:\/\/www.wirlesen.org\" target=\"_blank\" rel=\"noopener noreferrer\"><span style=\"color: #4852ba;\">Wir lesen! Das Leseportal des BV\u00d6<\/span><\/a><\/p>\n<p><span style=\"color: #4852ba;\"><a style=\"color: #4852ba;\" href=\"http:\/\/www.literacy.at\" target=\"_blank\" rel=\"noopener noreferrer\">Literacy<\/a><\/span><\/p>\n<p><a href=\"http:\/\/www.antolin.de\" target=\"_blank\" rel=\"noopener noreferrer\"><span style=\"color: #4852ba;\">Antolin &#8211; Mit Lesen punkten!<\/span><\/a><\/p>\n<p><span style=\"color: #4852ba;\"><a style=\"color: #4852ba;\" href=\"http:\/\/www.buchklub.at\" target=\"_blank\" rel=\"noopener noreferrer\">\u00d6sterreichischer Buchklub der Jugend<\/a><\/span><\/p>\n<p><span style=\"color: #4852ba;\"><a style=\"color: #4852ba;\" href=\"http:\/\/www.ig-lesen.at\" target=\"_blank\" rel=\"noopener noreferrer\">IG-Lesen<\/a><\/span><\/p>\n<p><span style=\"color: #4852ba;\"><a style=\"color: #4852ba;\" href=\"http:\/\/www.zeitpunktlesen.at\" target=\"_blank\" rel=\"noopener noreferrer\">Zeit Punkt Lesen &#8211; Leseland N\u00d6 <\/a><\/span><\/p>\n<p><span style=\"color: #4852ba;\"><a style=\"color: #4852ba;\" href=\"http:\/\/www.buchzeit.at\" target=\"_blank\" rel=\"noopener noreferrer\">Buchzeit &#8211; Lesekompetenzzentrum O\u00d6<\/a><\/span><\/p>\n<p><span style=\"color: #4852ba;\"><a style=\"color: #4852ba;\" href=\"http:\/\/www.biblio.at\" target=\"_blank\" rel=\"noopener noreferrer\">\u00d6sterreichisches Bibliothekswerk<\/a><\/span><\/p>\n<p><span style=\"color: #4852ba;\"><a style=\"color: #4852ba;\" href=\"http:\/\/www.jugendliteratur.net\" target=\"_blank\" rel=\"noopener noreferrer\">Institut f\u00fcr Jugendliteratur<\/a><\/span><\/p>\n<p><span style=\"color: #4852ba;\"><a style=\"color: #4852ba;\" href=\"http:\/\/www.1001buch.at\" target=\"_blank\" rel=\"noopener noreferrer\">1000 und 1 Buch &#8211; Das Magazin f\u00fcr Kinder- und Jugendliteratur<\/a><\/span><\/p>\n<p><span style=\"color: #4852ba;\"><a style=\"color: #4852ba;\" href=\"http:\/\/www.oesterreichliest.at\" target=\"_blank\" rel=\"noopener noreferrer\">\u00d6sterreich liest &#8211; Treffpunkt Bibliothek<\/a><\/span><\/p>\n<p><span style=\"color: #4852ba;\"><a style=\"color: #4852ba;\" href=\"http:\/\/www.welttag-des-buches.at\" target=\"_blank\" rel=\"noopener noreferrer\">Welttag des Buches<\/a><\/span><\/p>\n<p><span style=\"color: #4852ba;\"><a style=\"color: #4852ba;\" href=\"http:\/\/www.zis.at\" target=\"_blank\" rel=\"noopener noreferrer\">Zeitung in der Schule<\/a><\/span><\/p>\n<p><span style=\"color: #4852ba;\"><a style=\"color: #4852ba;\" href=\"http:\/\/www.stube.at\" target=\"_blank\" rel=\"noopener noreferrer\">STUBE &#8211; Studien- und Beratungsstelle f\u00fcr Kinder- und Jugendliteratur<\/a><\/span><\/p>\n<p><span style=\"color: #4852ba;\"><a style=\"color: #4852ba;\" href=\"http:\/\/ohrenklick.at\" target=\"_blank\" rel=\"noopener noreferrer\">Ohrenklick<\/a><\/span><\/p>\n<p><span style=\"color: #4852ba;\"><a style=\"color: #4852ba;\" href=\"http:\/\/www.stiftunglesen.de\" target=\"_blank\" rel=\"noopener noreferrer\">Stiftung Lesen<\/a><\/span><\/p>\n<p><a href=\"http:\/\/www.lifelongreaders.org\" target=\"_blank\" rel=\"noopener noreferrer\"><span style=\"color: #4852ba;\">LiRe &#8211; Lifelong Readers &#8211; Lesef\u00f6rderprojekt der EU<\/span><\/a><\/p>\n<h3><span style=\"color: #4852ba;\"><strong>RECHERCHE<\/strong><\/span><\/h3>\n<p>Zu Recherchezwecken in Bibliotheken schlagen wir die unten angef\u00fchrten Suchseiten vor.<\/p>\n<p><span style=\"color: #4852ba;\"><a style=\"color: #4852ba;\" href=\"http:\/\/www.grg21.schulbibliothek.net\/opac.php\" target=\"_blank\" rel=\"noopener noreferrer\">WEB OPAC (unserer Schule)<\/a><\/span><\/p>\n<p><span style=\"color: #4852ba;\"><a style=\"color: #4852ba;\" href=\"http:\/\/katalog.buechereien.wien.at\" target=\"_blank\" rel=\"noopener noreferrer\">St\u00e4dtische B\u00fcchereien<\/a><\/span><\/p>\n<p><span style=\"color: #4852ba;\"><a style=\"color: #4852ba;\" href=\"http:\/\/bibliothek.univie.ac.at\/\" target=\"_blank\" rel=\"noopener noreferrer\">Universit\u00e4tsbibliothek Wien<\/a><\/span><\/p>\n<p><span style=\"color: #4852ba;\"><a style=\"color: #4852ba;\" href=\"http:\/\/www.onb.ac.at\" target=\"_blank\" rel=\"noopener noreferrer\">Nationalbibliothek<\/a><\/span><\/p>\n<p><span style=\"color: #4852ba;\"><a style=\"color: #4852ba;\" href=\"http:\/\/ak.ciando.com\/\" target=\"_blank\" rel=\"noopener noreferrer\">AK Bibliothek digital<\/a><\/span><\/p>\n<p><span style=\"color: #4852ba;\"><a style=\"color: #4852ba;\" href=\"http:\/\/www.doew.at\/erforschen\/recherche\/bibliothek\" target=\"_blank\" rel=\"noopener noreferrer\">Dokumentationsarchiv des \u00f6sterreichischen Widerstandes<\/a><\/span><\/p>\n<p><span style=\"color: #4852ba;\"><a style=\"color: #4852ba;\" href=\"http:\/\/www.literaturhaus.at\/\" target=\"_blank\" rel=\"noopener noreferrer\">Literaturhaus Wien<\/a><\/span><\/p>\n<p><a href=\"http:\/\/www.centrum3.at\/bibliothek\/home\/\" target=\"_blank\" rel=\"noopener noreferrer\"><span style=\"color: #4852ba;\">C3-Bibliothek f\u00fcr Entwicklungspolitik<\/span><\/a><\/p>\n","protected":false},"excerpt":{"rendered":"<p>LESEN Zum Thema Lesen gibt es einige interessante und hilfreiche Internetseiten. Diese Links schlagen wir vor: Wir lesen! Das Leseportal des BV\u00d6 Literacy Antolin &#8211; Mit Lesen punkten! \u00d6sterreichischer Buchklub der Jugend IG-Lesen Zeit Punkt Lesen &#8211; Leseland N\u00d6 Buchzeit &#8211; Lesekompetenzzentrum O\u00d6 \u00d6sterreichisches Bibliothekswerk Institut f\u00fcr Jugendliteratur 1000 und 1 Buch &#8211; Das Magazin&#8230;<\/p>\n","protected":false},"author":4,"featured_media":0,"parent":0,"menu_order":0,"comment_status":"closed","ping_status":"closed","template":"","meta":{"footnotes":""},"class_list":["post-2618","page","type-page","status-publish","hentry"],"_links":{"self":[{"href":"https:\/\/grg21oe.at\/index.php?rest_route=\/wp\/v2\/pages\/2618","targetHints":{"allow":["GET"]}}],"collection":[{"href":"https:\/\/grg21oe.at\/index.php?rest_route=\/wp\/v2\/pages"}],"about":[{"href":"https:\/\/grg21oe.at\/index.php?rest_route=\/wp\/v2\/types\/page"}],"author":[{"embeddable":true,"href":"https:\/\/grg21oe.at\/index.php?rest_route=\/wp\/v2\/users\/4"}],"replies":[{"embeddable":true,"href":"https:\/\/grg21oe.at\/index.php?rest_route=%2Fwp%2Fv2%2Fcomments&post=2618"}],"version-history":[{"count":50,"href":"https:\/\/grg21oe.at\/index.php?rest_route=\/wp\/v2\/pages\/2618\/revisions"}],"predecessor-version":[{"id":11106,"href":"https:\/\/grg21oe.at\/index.php?rest_route=\/wp\/v2\/pages\/2618\/revisions\/11106"}],"wp:attachment":[{"href":"https:\/\/grg21oe.at\/index.php?rest_route=%2Fwp%2Fv2%2Fmedia&parent=2618"}],"curies":[{"name":"wp","href":"https:\/\/api.w.org\/{rel}","templated":true}]}}